{"id":4981,"date":"2025-04-25T04:57:37","date_gmt":"2025-04-25T04:57:37","guid":{"rendered":"https:\/\/demo.awaikenthemes.com\/ferlix\/?page_id=4981"},"modified":"2026-04-06T12:50:44","modified_gmt":"2026-04-06T12:50:44","slug":"contact-us","status":"publish","type":"page","link":"https:\/\/drgonenc.thefuenix.com\/en\/contact-us\/","title":{"rendered":"Contact Us"},"content":{"rendered":"\t\t<div data-elementor-type=\"wp-page\" data-elementor-id=\"4981\" class=\"elementor elementor-4981\">\n\t\t\t\t<div class=\"elementor-element elementor-element-9b793d7 e-flex e-con-boxed e-con e-parent\" data-id=\"9b793d7\" data-element_type=\"container\" data-e-type=\"container\">\n\t\t\t\t\t<div class=\"e-con-inner\">\n\t\t<div data-ekitparallax=\"{&quot;ekit_section_parallax_bg&quot;:&quot;yes&quot;,&quot;ekit_section_parallax_bg_speed&quot;:0.5,&quot;elementor_lazy_load&quot;:&quot;1&quot;}\" class=\"elementor-element elementor-element-3e4b0fe border-radius-section e-flex e-con-boxed e-con e-child\" data-id=\"3e4b0fe\" data-element_type=\"container\" data-e-type=\"container\" data-settings=\"{&quot;background_background&quot;:&quot;classic&quot;}\">\n\t\t\t\t\t<div class=\"e-con-inner\">\n\t\t<div class=\"elementor-element elementor-element-5d1a25f e-con-full e-flex e-con e-child\" data-id=\"5d1a25f\" data-element_type=\"container\" data-e-type=\"container\">\n\t\t\t\t<div class=\"elementor-element elementor-element-6343d80 at-heading-animation at-animation-heading-style-2 elementor-widget elementor-widget-heading\" data-id=\"6343d80\" data-element_type=\"widget\" data-e-type=\"widget\" data-settings=\"{&quot;ekit_we_effect_on&quot;:&quot;none&quot;}\" data-widget_type=\"heading.default\">\n\t\t\t\t\t<h1 class=\"elementor-heading-title elementor-size-default\">Contact <span>us<\/span><\/h1>\t\t\t\t<\/div>\n\t\t\t\t<div class=\"elementor-element elementor-element-7d4aae8 elementor-invisible elementor-widget elementor-widget-ferlix-breadcrumb\" data-id=\"7d4aae8\" data-element_type=\"widget\" data-e-type=\"widget\" data-settings=\"{&quot;_animation&quot;:&quot;fadeInUp&quot;,&quot;_animation_delay&quot;:100,&quot;ekit_we_effect_on&quot;:&quot;none&quot;}\" data-widget_type=\"ferlix-breadcrumb.default\">\n\t\t\t\t<div class=\"elementor-widget-container\">\n\t\t\t\t\t<div role=\"navigation\" aria-label=\"Breadcrumbs\" class=\"breadcrumb-trail breadcrumbs\"><ol class=\"trail-items\"><li class=\"trail-item trail-begin\"><a href=\"https:\/\/drgonenc.thefuenix.com\/en\/\" rel=\"home\"><span>Home<\/span><\/a><\/li><li class=\"trail-item trail-end\"><span><span>Contact Us<\/span><\/span><\/li><\/ol><\/div>\t\t\t\t<\/div>\n\t\t\t\t<\/div>\n\t\t\t\t<\/div>\n\t\t\t\t\t<\/div>\n\t\t\t\t<\/div>\n\t\t\t\t\t<\/div>\n\t\t\t\t<\/div>\n\t\t<div class=\"elementor-element elementor-element-9f19b8e e-flex e-con-boxed e-con e-parent\" data-id=\"9f19b8e\" data-element_type=\"container\" data-e-type=\"container\">\n\t\t\t\t\t<div class=\"e-con-inner\">\n\t\t<div class=\"elementor-element elementor-element-e4cf64f e-con-full e-flex e-con e-child\" data-id=\"e4cf64f\" data-element_type=\"container\" data-e-type=\"container\">\n\t\t<div class=\"elementor-element elementor-element-f95b3fc e-con-full hero-info-item  e-flex elementor-invisible e-con e-child\" data-id=\"f95b3fc\" data-element_type=\"container\" data-e-type=\"container\" data-settings=\"{&quot;background_background&quot;:&quot;classic&quot;,&quot;animation&quot;:&quot;fadeInUp&quot;,&quot;animation_delay&quot;:200}\">\n\t\t\t\t<div class=\"elementor-element elementor-element-caba2fa ekit-equal-height-disable elementor-widget elementor-widget-elementskit-icon-box\" data-id=\"caba2fa\" data-element_type=\"widget\" data-e-type=\"widget\" data-settings=\"{&quot;ekit_we_effect_on&quot;:&quot;none&quot;}\" data-widget_type=\"elementskit-icon-box.default\">\n\t\t\t\t\t<div class=\"ekit-wid-con\" >        <!-- link opening -->\n                <!-- end link opening -->\n\n        <div class=\"elementskit-infobox text-left text-right icon-lef-right-aligin elementor-animation- elementskit-icon-right  \">\n                    <div class=\"elementskit-box-header elementor-animation-\">\n                <div class=\"elementskit-info-box-icon  text-center\">\n                    <svg xmlns=\"http:\/\/www.w3.org\/2000\/svg\" width=\"31\" height=\"30\" viewBox=\"0 0 31 30\" fill=\"none\"><path d=\"M15.5008 28.9286C23.1934 28.9286 29.4294 22.6925 29.4294 15C29.4294 7.30744 23.1934 1.07141 15.5008 1.07141C7.8083 1.07141 1.57227 7.30744 1.57227 15C1.57227 22.6925 7.8083 28.9286 15.5008 28.9286Z\" stroke=\"currentColor\" stroke-width=\"1.5\" stroke-linecap=\"round\" stroke-linejoin=\"round\"><\/path><path d=\"M15.5 9.64282V15L20.9429 21.3428\" stroke=\"currentColor\" stroke-width=\"1.5\" stroke-linecap=\"round\" stroke-linejoin=\"round\"><\/path><\/svg>\n                <\/div>\n          <\/div>\n                        <div class=\"box-body\">\n                            <h3 class=\"elementskit-info-box-title\">\n                    Phone \/ WhatsApp                <\/h3>\n                                            <\/div>\n        \n        \n                <\/div>\n        <\/div>\t\t\t\t<\/div>\n\t\t\t\t<div class=\"elementor-element elementor-element-6ddb5a4 elementor-icon-list--layout-traditional elementor-list-item-link-full_width elementor-widget elementor-widget-icon-list\" data-id=\"6ddb5a4\" data-element_type=\"widget\" data-e-type=\"widget\" data-settings=\"{&quot;ekit_we_effect_on&quot;:&quot;none&quot;}\" data-widget_type=\"icon-list.default\">\n\t\t\t\t\t\t\t<ul class=\"elementor-icon-list-items\">\n\t\t\t\t\t\t\t<li class=\"elementor-icon-list-item\">\n\t\t\t\t\t\t\t\t\t\t\t<a href=\"tel:+902124831744\">\n\n\t\t\t\t\t\t\t\t\t\t\t<span class=\"elementor-icon-list-text\">+902124831744<\/span>\n\t\t\t\t\t\t\t\t\t\t\t<\/a>\n\t\t\t\t\t\t\t\t\t<\/li>\n\t\t\t\t\t\t<\/ul>\n\t\t\t\t\t\t<\/div>\n\t\t\t\t<div class=\"elementor-element elementor-element-8f14610 ekit-equal-height-disable elementor-widget elementor-widget-elementskit-icon-box\" data-id=\"8f14610\" data-element_type=\"widget\" data-e-type=\"widget\" data-settings=\"{&quot;ekit_we_effect_on&quot;:&quot;none&quot;}\" data-widget_type=\"elementskit-icon-box.default\">\n\t\t\t\t\t<div class=\"ekit-wid-con\" >        <!-- link opening -->\n                <!-- end link opening -->\n\n        <div class=\"elementskit-infobox text-left text-right icon-lef-right-aligin elementor-animation- elementskit-icon-right  \">\n                    <div class=\"elementskit-box-header elementor-animation-\">\n                <div class=\"elementskit-info-box-icon  text-center\">\n                    <svg xmlns=\"http:\/\/www.w3.org\/2000\/svg\" width=\"20\" height=\"20\" viewBox=\"0 0 20 20\" fill=\"none\"><path d=\"M7.49609 4.97461C7.49609 4.70624 7.39138 4.44792 7.2041 4.25586L4.48925 1.54199C4.29493 1.35446 4.03489 1.24903 3.76465 1.24902C3.49601 1.24902 3.23788 1.35266 3.04394 1.53809L2.41504 2.18066L2.40918 2.1875C1.8289 2.76019 1.43566 3.49256 1.27832 4.28711L1.22558 4.63184C1.12413 5.55434 1.34207 6.48351 1.84277 7.26465L2.39941 8.06543C5.22869 12.0281 8.7455 15.4552 12.7852 18.1826C13.5683 18.6878 14.5023 18.9085 15.4287 18.8066L15.7725 18.7539C16.5675 18.5966 17.3001 18.2037 17.873 17.623L17.8789 17.6172L18.5156 16.9941C18.7049 16.7995 18.8114 16.5391 18.8115 16.2676C18.8115 15.9951 18.705 15.7328 18.5146 15.5381L15.793 12.8447C15.6007 12.6557 15.3418 12.5509 15.0723 12.5508C14.8025 12.5508 14.5428 12.6567 14.3506 12.8457L14.3496 12.8467C13.9679 13.2196 13.4554 13.4287 12.9219 13.4287C12.3882 13.4287 11.8758 13.2195 11.4941 12.8467L7.2041 8.55664C7.06273 8.41675 6.94286 8.25636 6.84863 8.08203L6.76269 7.90234C6.65962 7.65603 6.60644 7.39101 6.60644 7.12402C6.60649 6.85715 6.65966 6.59288 6.76269 6.34668L6.84863 6.16699C6.9423 5.99365 7.06087 5.83464 7.20117 5.69531C7.39006 5.50301 7.49603 5.24414 7.49609 4.97461ZM8.49609 4.97461C8.49603 5.50643 8.28682 6.01717 7.91406 6.39648L7.9082 6.40234C7.83666 6.4729 7.77618 6.55355 7.72851 6.6416L7.68457 6.73242C7.63271 6.85632 7.60649 6.98968 7.60644 7.12402C7.60644 7.25835 7.63276 7.3917 7.68457 7.51562L7.72851 7.60645C7.76038 7.66539 7.79798 7.72094 7.84082 7.77246L7.9082 7.84668L12.1924 12.1309L12.2686 12.1982C12.453 12.3464 12.6833 12.4287 12.9219 12.4287C13.1938 12.4287 13.4547 12.3216 13.6494 12.1318L13.7978 12C14.157 11.7101 14.6068 11.5508 15.0723 11.5508C15.5376 11.5509 15.9866 11.7102 16.3457 12L16.4941 12.1318L16.4951 12.1328L19.2236 14.833L19.2295 14.8389L19.3613 14.9883C19.6513 15.3494 19.8115 15.8006 19.8115 16.2676C19.8114 16.8013 19.6025 17.3137 19.2295 17.6953L19.2217 17.7031L18.5781 18.332C17.8141 19.1035 16.8236 19.608 15.7539 19.7725L15.5381 19.8008C14.3832 19.9277 13.2195 19.6533 12.2432 19.0234L12.2353 19.0176C7.81679 16.036 4.00859 12.2371 1.01562 7.82617L1.00879 7.81738C0.379116 6.84119 0.104449 5.67715 0.231442 4.52246L0.259762 4.30664C0.413691 3.30555 0.865 2.37359 1.55468 1.63184L1.70605 1.47559L2.32812 0.838867L2.48535 0.699219C2.84651 0.409099 3.29745 0.249023 3.76465 0.249023C4.23183 0.249025 4.68278 0.409095 5.04394 0.699219L5.19238 0.831055L5.19726 0.834961L7.91406 3.55273L8.0459 3.70117C8.33556 4.0603 8.49609 4.50927 8.49609 4.97461Z\" fill=\"currentColor\"><\/path><\/svg>\n                <\/div>\n          <\/div>\n                        <div class=\"box-body\">\n                            <h3 class=\"elementskit-info-box-title\">\n                    Email                <\/h3>\n                                            <\/div>\n        \n        \n                <\/div>\n        <\/div>\t\t\t\t<\/div>\n\t\t\t\t<div class=\"elementor-element elementor-element-f302b3b elementor-icon-list--layout-traditional elementor-list-item-link-full_width elementor-widget elementor-widget-icon-list\" data-id=\"f302b3b\" data-element_type=\"widget\" data-e-type=\"widget\" data-settings=\"{&quot;ekit_we_effect_on&quot;:&quot;none&quot;}\" data-widget_type=\"icon-list.default\">\n\t\t\t\t\t\t\t<ul class=\"elementor-icon-list-items\">\n\t\t\t\t\t\t\t<li class=\"elementor-icon-list-item\">\n\t\t\t\t\t\t\t\t\t\t\t<a href=\"mailto:beyza.denizsever@medicalpark.com.tr\">\n\n\t\t\t\t\t\t\t\t\t\t\t<span class=\"elementor-icon-list-text\">beyza.denizsever@medicalpark.com.tr<\/span>\n\t\t\t\t\t\t\t\t\t\t\t<\/a>\n\t\t\t\t\t\t\t\t\t<\/li>\n\t\t\t\t\t\t<\/ul>\n\t\t\t\t\t\t<\/div>\n\t\t\t\t<\/div>\n\t\t<div class=\"elementor-element elementor-element-fa34cc9 e-con-full hero-info-item  e-flex elementor-invisible e-con e-child\" data-id=\"fa34cc9\" data-element_type=\"container\" data-e-type=\"container\" data-settings=\"{&quot;background_background&quot;:&quot;classic&quot;,&quot;animation&quot;:&quot;fadeInUp&quot;,&quot;animation_delay&quot;:100}\">\n\t\t\t\t<div class=\"elementor-element elementor-element-864a461 ekit-equal-height-disable elementor-widget elementor-widget-elementskit-icon-box\" data-id=\"864a461\" data-element_type=\"widget\" data-e-type=\"widget\" data-settings=\"{&quot;ekit_we_effect_on&quot;:&quot;none&quot;}\" data-widget_type=\"elementskit-icon-box.default\">\n\t\t\t\t\t<div class=\"ekit-wid-con\" >        <!-- link opening -->\n                <!-- end link opening -->\n\n        <div class=\"elementskit-infobox text-left text-right icon-lef-right-aligin elementor-animation- elementskit-icon-right  \">\n                    <div class=\"elementskit-box-header elementor-animation-\">\n                <div class=\"elementskit-info-box-icon  text-center\">\n                    <svg xmlns=\"http:\/\/www.w3.org\/2000\/svg\" width=\"21\" height=\"30\" viewBox=\"0 0 21 30\" fill=\"none\"><path d=\"M19.3936 10.714C19.3935 8.50289 18.5699 6.37647 17.0928 4.74524L16.7881 4.4259C15.1204 2.75834 12.8584 1.82141 10.5 1.82141C8.28879 1.82149 6.16249 2.64498 4.53125 4.12219L4.21191 4.4259C2.54425 6.09356 1.6075 8.35553 1.60742 10.714C1.60742 11.8722 2.1457 13.5499 3.04492 15.4972C3.93087 17.4157 5.11902 19.4964 6.31641 21.4269C7.51226 23.3549 8.70963 25.1192 9.6084 26.4025C9.9564 26.8993 10.2596 27.3233 10.5 27.6564C10.7404 27.3233 11.0445 26.8995 11.3926 26.4025C12.2913 25.1192 13.4888 23.3548 14.6846 21.4269C15.8819 19.4966 17.0692 17.4156 17.9551 15.4972C18.8543 13.5499 19.3936 11.8722 19.3936 10.714ZM20.8936 10.714C20.8936 12.2236 20.2262 14.158 19.3174 16.1261C18.3953 18.1228 17.1722 20.2619 15.959 22.2179C14.7442 24.1764 13.5303 25.9646 12.6211 27.2628C12.1663 27.9122 11.7874 28.4401 11.5215 28.8058C11.3885 28.9886 11.2836 29.1316 11.2119 29.2286C11.1762 29.2769 11.1486 29.3138 11.1299 29.339C11.1205 29.3516 11.1133 29.3618 11.1084 29.3683C11.1061 29.3714 11.1038 29.3735 11.1025 29.3751L11.1016 29.3771L11.1006 29.3781C10.959 29.5672 10.7363 29.6788 10.5 29.6788C10.2639 29.6787 10.042 29.567 9.90039 29.3781L10.5 28.9288L9.89941 29.3781V29.3771L9.89746 29.3751C9.89625 29.3735 9.89472 29.3711 9.89258 29.3683C9.88771 29.3618 9.88044 29.3516 9.87109 29.339C9.85241 29.3139 9.82474 29.2769 9.78906 29.2286C9.71741 29.1316 9.61247 28.9886 9.47949 28.8058C9.21355 28.4401 8.83377 27.9123 8.37891 27.2628C7.46973 25.9647 6.25664 24.1762 5.04199 22.2179C3.8288 20.262 2.60565 18.1228 1.68359 16.1261C0.774774 14.158 0.107422 12.2236 0.107422 10.714C0.107504 7.95771 1.2024 5.31432 3.15137 3.36536L3.52441 3.00989C5.43081 1.2836 7.9159 0.321486 10.5 0.321411C13.2563 0.321411 15.9006 1.41632 17.8496 3.36536L18.2041 3.7384C19.9306 5.64486 20.8935 8.12979 20.8936 10.714Z\" fill=\"currentColor\"><\/path><path d=\"M12.9639 10.7139C12.9637 9.35306 11.8599 8.25 10.4991 8.25C9.13841 8.25018 8.03544 9.35314 8.0352 10.7139C8.0352 12.0748 9.13827 13.1785 10.4991 13.1787C11.8601 13.1787 12.9639 12.0749 12.9639 10.7139ZM14.4639 10.7139C14.4639 12.9033 12.6885 14.6787 10.4991 14.6787C8.30978 14.6785 6.5352 12.9031 6.5352 10.7139C6.53544 8.52477 8.30993 6.75018 10.4991 6.75C12.6883 6.75 14.4637 8.52463 14.4639 10.7139Z\" fill=\"currentColor\"><\/path><\/svg>\n                <\/div>\n          <\/div>\n                        <div class=\"box-body\">\n                            <h3 class=\"elementskit-info-box-title\">\n                    Our locations                <\/h3>\n                                            <\/div>\n        \n        \n                <\/div>\n        <\/div>\t\t\t\t<\/div>\n\t\t\t\t<div class=\"elementor-element elementor-element-7ff0160 elementor-widget elementor-widget-text-editor\" data-id=\"7ff0160\" data-element_type=\"widget\" data-e-type=\"widget\" data-settings=\"{&quot;ekit_we_effect_on&quot;:&quot;none&quot;}\" data-widget_type=\"text-editor.default\">\n\t\t\t\t\t\t\t\t\tIVF treatments and consultations are provided at Medical Park Bah\u00e7elievler Hospital, located on the European side of Istanbul.\t\t\t\t\t\t\t\t<\/div>\n\t\t\t\t<div class=\"elementor-element elementor-element-b3ff249 at-heading-animation at-animation-heading-none elementor-widget elementor-widget-heading\" data-id=\"b3ff249\" data-element_type=\"widget\" data-e-type=\"widget\" data-settings=\"{&quot;ekit_we_effect_on&quot;:&quot;none&quot;}\" data-widget_type=\"heading.default\">\n\t\t\t\t\t<h3 class=\"elementor-heading-title elementor-size-default\">Medical Park Bah\u00e7elievler Hospital\nK\u00fclt\u00fcr Sokak No:1\nBah\u00e7elievler, 34180\nIstanbul, Turkey<\/h3>\t\t\t\t<\/div>\n\t\t\t\t<\/div>\n\t\t\t\t<\/div>\n\t\t<div class=\"elementor-element elementor-element-8c11145 e-con-full e-flex e-con e-child\" data-id=\"8c11145\" data-element_type=\"container\" data-e-type=\"container\">\n\t\t<div class=\"elementor-element elementor-element-4030fd8 e-con-full e-flex e-con e-child\" data-id=\"4030fd8\" data-element_type=\"container\" data-e-type=\"container\">\n\t\t\t\t<div class=\"elementor-element elementor-element-647fd9c elementor-widget elementor-widget-google_maps\" data-id=\"647fd9c\" data-element_type=\"widget\" data-e-type=\"widget\" data-settings=\"{&quot;ekit_we_effect_on&quot;:&quot;none&quot;}\" data-widget_type=\"google_maps.default\">\n\t\t\t\t\t\t\t<div class=\"elementor-custom-embed\">\n\t\t\t<iframe\n\t\t\t\t\tdata-src=\"https:\/\/maps.google.com\/maps?q=Medical%20Park%20Bah%C3%A7elievler%20Hospital%20K%C3%BClt%C3%BCr%20Sokak%20No%3A1%20Bah%C3%A7elievler%2C%2034180%20Istanbul%2C%20Turkey&#038;t=m&#038;z=10&#038;output=embed&#038;iwloc=near\"\n\t\t\t\t\ttitle=\"Medical Park Bah\u00e7elievler Hospital K\u00fclt\u00fcr Sokak No:1 Bah\u00e7elievler, 34180 Istanbul, Turkey\"\n\t\t\t\t\taria-label=\"Medical Park Bah\u00e7elievler Hospital K\u00fclt\u00fcr Sokak No:1 Bah\u00e7elievler, 34180 Istanbul, Turkey\"\n\t\t\t src=\"data:image\/svg+xml;base64,PHN2ZyB3aWR0aD0iMSIgaGVpZ2h0PSIxIiB4bWxucz0iaHR0cDovL3d3dy53My5vcmcvMjAwMC9zdmciPjwvc3ZnPg==\" class=\"lazyload\" data-load-mode=\"1\"><\/iframe>\n\t\t<\/div>\n\t\t\t\t\t\t<\/div>\n\t\t\t\t<\/div>\n\t\t<div class=\"elementor-element elementor-element-0f1f5f8 e-con-full e-flex e-con e-child\" data-id=\"0f1f5f8\" data-element_type=\"container\" data-e-type=\"container\" data-settings=\"{&quot;background_background&quot;:&quot;classic&quot;}\">\n\t\t\t\t<div class=\"elementor-element elementor-element-9cc5947 at-heading-animation at-animation-heading-style-2 elementor-widget elementor-widget-heading\" data-id=\"9cc5947\" data-element_type=\"widget\" data-e-type=\"widget\" data-settings=\"{&quot;ekit_we_effect_on&quot;:&quot;none&quot;}\" data-widget_type=\"heading.default\">\n\t\t\t\t\t<h2 class=\"elementor-heading-title elementor-size-default\">Send us a <span>message<\/span><\/h2>\t\t\t\t<\/div>\n\t\t\t\t<div class=\"elementor-element elementor-element-3f3fc14 elementor-invisible elementor-widget elementor-widget-elementskit-contact-form7\" data-id=\"3f3fc14\" data-element_type=\"widget\" data-e-type=\"widget\" data-settings=\"{&quot;_animation&quot;:&quot;fadeInUp&quot;,&quot;ekit_we_effect_on&quot;:&quot;none&quot;}\" data-widget_type=\"elementskit-contact-form7.default\">\n\t\t\t\t\t<div class=\"ekit-wid-con\" ><div class=\"ekit-form\">[contact-form-7 id=\"5375\"]<\/div><\/div>\t\t\t\t<\/div>\n\t\t\t\t<\/div>\n\t\t\t\t<\/div>\n\t\t\t\t\t<\/div>\n\t\t\t\t<\/div>\n\t\t\t\t<\/div>\n\t\t","protected":false},"excerpt":{"rendered":"<p>Contact us Ana Sayfa Phone \/ WhatsApp +902124831744 Email beyza.denizsever@medicalpark.com.tr Our locations [&hellip;]<\/p>\n","protected":false},"author":1,"featured_media":0,"parent":0,"menu_order":0,"comment_status":"closed","ping_status":"closed","template":"elementor_header_footer","meta":{"footnotes":""},"class_list":["post-4981","page","type-page","status-publish","hentry"],"_links":{"self":[{"href":"https:\/\/drgonenc.thefuenix.com\/en\/wp-json\/wp\/v2\/pages\/4981","targetHints":{"allow":["GET"]}}],"collection":[{"href":"https:\/\/drgonenc.thefuenix.com\/en\/wp-json\/wp\/v2\/pages"}],"about":[{"href":"https:\/\/drgonenc.thefuenix.com\/en\/wp-json\/wp\/v2\/types\/page"}],"author":[{"embeddable":true,"href":"https:\/\/drgonenc.thefuenix.com\/en\/wp-json\/wp\/v2\/users\/1"}],"replies":[{"embeddable":true,"href":"https:\/\/drgonenc.thefuenix.com\/en\/wp-json\/wp\/v2\/comments?post=4981"}],"version-history":[{"count":1,"href":"https:\/\/drgonenc.thefuenix.com\/en\/wp-json\/wp\/v2\/pages\/4981\/revisions"}],"predecessor-version":[{"id":10466,"href":"https:\/\/drgonenc.thefuenix.com\/en\/wp-json\/wp\/v2\/pages\/4981\/revisions\/10466"}],"wp:attachment":[{"href":"https:\/\/drgonenc.thefuenix.com\/en\/wp-json\/wp\/v2\/media?parent=4981"}],"curies":[{"name":"wp","href":"https:\/\/api.w.org\/{rel}","templated":true}]}}